{"id":2745,"date":"2023-06-18T23:17:32","date_gmt":"2023-06-18T21:17:32","guid":{"rendered":"https:\/\/andreavasassart.com\/?post_type=product&#038;p=2745"},"modified":"2023-06-18T23:23:06","modified_gmt":"2023-06-18T21:23:06","slug":"sac-en-toile-danse-des-huitres-terre-brulee-violet","status":"publish","type":"product","link":"https:\/\/andreavasassart.com\/en\/product\/sac-en-toile-danse-des-huitres-terre-brulee-violet\/","title":{"rendered":"Sac en toile &#8211; Danse des Hu\u00eetres (terre brul\u00e9e violet)"},"content":{"rendered":"<p>Sac en toile imprim\u00e9 avec mes aquarelles fait main,\u00a0 pratique pour transporter toutes vos affaires, pour le prendre \u00e0 la plage.<\/p>\n<p>Vos souvenirs peuvent \u00eatre toujours avec vous.<\/p>\n<p>Commandes sur mesure, d\u00e9lais 3-4semaines.<\/p>\n<p>Dimensions : 41 x 41 cm<br \/>\nPolyester enduit<br \/>\nCompartiment principal ouvert<br \/>\nDeux anses en coton tiss\u00e9<br \/>\nImpression en couleur anti-d\u00e9coloration<\/p>","protected":false},"excerpt":{"rendered":"<p>Sac en toile imprim\u00e9 avec mes aquarelles fait main,\u00a0 pratique pour transporter toutes vos affaires tous les jours, ou le prendre \u00e0 la plage.<\/p>\n<p>Vos souvenirs peuvent \u00eatre toujours avec vous.<\/p>\n<p>Dimensions : 41 x 41 cm<br \/>\nPolyester enduit<br \/>\nCompartiment principal ouvert<br \/>\nDeux anses en coton tiss\u00e9<br \/>\nImpression en couleur anti-d\u00e9coloration<\/p>","protected":false},"featured_media":2733,"comment_status":"open","ping_status":"closed","template":"","meta":{"site-sidebar-layout":"default","site-content-layout":"default","ast-global-header-display":"","ast-banner-title-visibility":"","ast-main-header-display":"","ast-hfb-above-header-display":"","ast-hfb-below-header-display":"","ast-hfb-mobile-header-display":"","site-post-title":"","ast-breadcrumbs-content":"","ast-featured-img":"","footer-sml-layout":"","theme-transparent-header-meta":"default","adv-header-id-meta":"","stick-header-meta":"","header-above-stick-meta":"","header-main-stick-meta":"","header-below-stick-meta":""},"product_cat":[39],"product_tag":[],"class_list":["post-2745","product","type-product","status-publish","has-post-thumbnail","hentry","product_cat-cartes-personnalisees-illustrations-en-aquarelle-faire-parts-mariage-faire-parts-naissance-cartes-cadeaux-carte-de-voeux-carte-anniversaire-marque-page-carte-des-souvenirs","desktop-align-left","tablet-align-left","mobile-align-left"],"aioseo_notices":[],"_links":{"self":[{"href":"https:\/\/andreavasassart.com\/en\/wp-json\/wp\/v2\/product\/2745","targetHints":{"allow":["GET"]}}],"collection":[{"href":"https:\/\/andreavasassart.com\/en\/wp-json\/wp\/v2\/product"}],"about":[{"href":"https:\/\/andreavasassart.com\/en\/wp-json\/wp\/v2\/types\/product"}],"replies":[{"embeddable":true,"href":"https:\/\/andreavasassart.com\/en\/wp-json\/wp\/v2\/comments?post=2745"}],"wp:featuredmedia":[{"embeddable":true,"href":"https:\/\/andreavasassart.com\/en\/wp-json\/wp\/v2\/media\/2733"}],"wp:attachment":[{"href":"https:\/\/andreavasassart.com\/en\/wp-json\/wp\/v2\/media?parent=2745"}],"wp:term":[{"taxonomy":"product_cat","embeddable":true,"href":"https:\/\/andreavasassart.com\/en\/wp-json\/wp\/v2\/product_cat?post=2745"},{"taxonomy":"product_tag","embeddable":true,"href":"https:\/\/andreavasassart.com\/en\/wp-json\/wp\/v2\/product_tag?post=2745"}],"curies":[{"name":"wp","href":"https:\/\/api.w.org\/{rel}","templated":true}]}}