{"id":2591,"date":"2022-11-17T18:19:01","date_gmt":"2022-11-17T17:19:01","guid":{"rendered":"https:\/\/andreavasassart.com\/?post_type=product&#038;p=2591"},"modified":"2023-05-07T18:20:53","modified_gmt":"2023-05-07T16:20:53","slug":"au-gets","status":"publish","type":"product","link":"https:\/\/andreavasassart.com\/en\/product\/au-gets\/","title":{"rendered":"Au Gets"},"content":{"rendered":"<p class=\"p1\">Peinture acrylique<\/p>\n<p class=\"p1\">Dimensions : 55cm x 46cm,<\/p>\n<p class=\"p1\">Peinture unique et original, sign\u00e9 \u00e0 droite, et authentique, sans le carde.<\/p>\n<p>Le cadre est juste d\u00e9coration sur la photo.<\/p>\n<p class=\"p1\">Veuillez notez que les couleurs varient l\u00e9g\u00e8rement d&rsquo;un \u00e9cran \u00e0 l&rsquo;autre.<\/p>\n<p>&nbsp;<\/p>","protected":false},"excerpt":{"rendered":"<p class=\"p1\">Peinture acrylique<\/p>\n<p class=\"p1\">Dimensions : 55cm x 46cm,<\/p>\n<p class=\"p1\">Peinture unique et original, sign\u00e9 \u00e0 droite, et authentique, sans le carde.<\/p>\n<p>Le cadre est juste d\u00e9coration sur la photo.<\/p>\n<p class=\"p1\">Veuillez notez que les couleurs varient l\u00e9g\u00e8rement d&rsquo;un \u00e9cran \u00e0 l&rsquo;autre.<\/p>","protected":false},"featured_media":2595,"comment_status":"open","ping_status":"closed","template":"","meta":{"site-sidebar-layout":"default","site-content-layout":"default","ast-global-header-display":"","ast-banner-title-visibility":"","ast-main-header-display":"","ast-hfb-above-header-display":"","ast-hfb-below-header-display":"","ast-hfb-mobile-header-display":"","site-post-title":"","ast-breadcrumbs-content":"","ast-featured-img":"","footer-sml-layout":"","theme-transparent-header-meta":"default","adv-header-id-meta":"","stick-header-meta":"","header-above-stick-meta":"","header-main-stick-meta":"","header-below-stick-meta":""},"product_cat":[37,36],"product_tag":[],"class_list":["post-2591","product","type-product","status-publish","has-post-thumbnail","hentry","product_cat-peinture-toile-acrylique-mixed-techniques","product_cat-peinture","desktop-align-left","tablet-align-left","mobile-align-left"],"aioseo_notices":[],"_links":{"self":[{"href":"https:\/\/andreavasassart.com\/en\/wp-json\/wp\/v2\/product\/2591","targetHints":{"allow":["GET"]}}],"collection":[{"href":"https:\/\/andreavasassart.com\/en\/wp-json\/wp\/v2\/product"}],"about":[{"href":"https:\/\/andreavasassart.com\/en\/wp-json\/wp\/v2\/types\/product"}],"replies":[{"embeddable":true,"href":"https:\/\/andreavasassart.com\/en\/wp-json\/wp\/v2\/comments?post=2591"}],"wp:featuredmedia":[{"embeddable":true,"href":"https:\/\/andreavasassart.com\/en\/wp-json\/wp\/v2\/media\/2595"}],"wp:attachment":[{"href":"https:\/\/andreavasassart.com\/en\/wp-json\/wp\/v2\/media?parent=2591"}],"wp:term":[{"taxonomy":"product_cat","embeddable":true,"href":"https:\/\/andreavasassart.com\/en\/wp-json\/wp\/v2\/product_cat?post=2591"},{"taxonomy":"product_tag","embeddable":true,"href":"https:\/\/andreavasassart.com\/en\/wp-json\/wp\/v2\/product_tag?post=2591"}],"curies":[{"name":"wp","href":"https:\/\/api.w.org\/{rel}","templated":true}]}}