{"id":2581,"date":"2022-11-17T13:20:13","date_gmt":"2022-11-17T12:20:13","guid":{"rendered":"https:\/\/andreavasassart.com\/?post_type=product&#038;p=2581"},"modified":"2022-11-17T15:51:05","modified_gmt":"2022-11-17T14:51:05","slug":"en-cherchant-lauberge","status":"publish","type":"product","link":"https:\/\/andreavasassart.com\/en\/product\/en-cherchant-lauberge\/","title":{"rendered":"En cherchant l&rsquo;auberge"},"content":{"rendered":"<p>Paysage hiver en aquarelle fait main.<\/p>\n<p>Rien ne plus agr\u00e9able en hiver d&rsquo;une belle balade \u00e0 la montage dans la neige, apr\u00e8s on peut se r\u00e9chauffer dans les auberges avec un bon chocolat chaud.<\/p>\n<p>Dimensions aquarelle : 28 x 20 cm<br \/>\nDimensions du cadre blanc : 33 x 24 cm<\/p>","protected":false},"excerpt":{"rendered":"<p>Paysage hiver en aquarelle fait main.<\/p>\n<p>Rien ne plus agr\u00e9able en hiver d&rsquo;une belle balade \u00e0 la montage dans la neige, apr\u00e8s on peut se r\u00e9chauffer dans les auberges avec un bon chocolat chaud.<\/p>\n<p>Dimensions aquarelle : 28 x 20 cm<br \/>\nDimensions du cadre blanc : 33 x 24 cm<\/p>","protected":false},"featured_media":2394,"comment_status":"open","ping_status":"closed","template":"","meta":{"site-sidebar-layout":"default","site-content-layout":"default","ast-global-header-display":"","ast-banner-title-visibility":"","ast-main-header-display":"","ast-hfb-above-header-display":"","ast-hfb-below-header-display":"","ast-hfb-mobile-header-display":"","site-post-title":"","ast-breadcrumbs-content":"","ast-featured-img":"","footer-sml-layout":"","theme-transparent-header-meta":"default","adv-header-id-meta":"","stick-header-meta":"","header-above-stick-meta":"","header-main-stick-meta":"","header-below-stick-meta":""},"product_cat":[64],"product_tag":[],"class_list":["post-2581","product","type-product","status-publish","has-post-thumbnail","hentry","product_cat-sac-tote-bag-sac-cabas-pochette-personnalisee-serviette-personnalisee","desktop-align-left","tablet-align-left","mobile-align-left"],"aioseo_notices":[],"_links":{"self":[{"href":"https:\/\/andreavasassart.com\/en\/wp-json\/wp\/v2\/product\/2581","targetHints":{"allow":["GET"]}}],"collection":[{"href":"https:\/\/andreavasassart.com\/en\/wp-json\/wp\/v2\/product"}],"about":[{"href":"https:\/\/andreavasassart.com\/en\/wp-json\/wp\/v2\/types\/product"}],"replies":[{"embeddable":true,"href":"https:\/\/andreavasassart.com\/en\/wp-json\/wp\/v2\/comments?post=2581"}],"wp:featuredmedia":[{"embeddable":true,"href":"https:\/\/andreavasassart.com\/en\/wp-json\/wp\/v2\/media\/2394"}],"wp:attachment":[{"href":"https:\/\/andreavasassart.com\/en\/wp-json\/wp\/v2\/media?parent=2581"}],"wp:term":[{"taxonomy":"product_cat","embeddable":true,"href":"https:\/\/andreavasassart.com\/en\/wp-json\/wp\/v2\/product_cat?post=2581"},{"taxonomy":"product_tag","embeddable":true,"href":"https:\/\/andreavasassart.com\/en\/wp-json\/wp\/v2\/product_tag?post=2581"}],"curies":[{"name":"wp","href":"https:\/\/api.w.org\/{rel}","templated":true}]}}