{"id":2563,"date":"2022-11-15T10:24:41","date_gmt":"2022-11-15T09:24:41","guid":{"rendered":"https:\/\/andreavasassart.com\/?post_type=product&#038;p=2563"},"modified":"2022-11-15T13:19:26","modified_gmt":"2022-11-15T12:19:26","slug":"magnets-feeriques-paysage-fleuri","status":"publish","type":"product","link":"https:\/\/andreavasassart.com\/en\/product\/magnets-feeriques-paysage-fleuri\/","title":{"rendered":"Magnets f\u00e9eriques (paysage fleuri)"},"content":{"rendered":"<p>Je vous propose des jolies magnets f\u00e9eriques en aquarelle fait main sur papier aquarelle Arches,<\/p>\n<p>\u00e0 chaque fois vous allez ouvrir votre r\u00e9frig\u00e9rateur il vous emm\u00e8nent dans un monde imaginaire \ud83d\ude09<\/p>\n<p>Dimensions: 9cm x 6cm<\/p>","protected":false},"excerpt":{"rendered":"<p>Je vous propose des jolies magnets f\u00e9eriques en aquarelle fait main sur papier aquarelle Arches,<\/p>\n<p>\u00e0 chaque fois vous allez ouvrir votre r\u00e9frig\u00e9rateur il vous emm\u00e8nent dans un monde imaginaire \ud83d\ude09<\/p>\n<p>Dimensions: 9cm x 6cm<\/p>","protected":false},"featured_media":2560,"comment_status":"open","ping_status":"closed","template":"","meta":{"site-sidebar-layout":"default","site-content-layout":"default","ast-global-header-display":"","ast-banner-title-visibility":"","ast-main-header-display":"","ast-hfb-above-header-display":"","ast-hfb-below-header-display":"","ast-hfb-mobile-header-display":"","site-post-title":"","ast-breadcrumbs-content":"","ast-featured-img":"","footer-sml-layout":"","theme-transparent-header-meta":"default","adv-header-id-meta":"","stick-header-meta":"","header-above-stick-meta":"","header-main-stick-meta":"","header-below-stick-meta":""},"product_cat":[39,41],"product_tag":[],"class_list":["post-2563","product","type-product","status-publish","has-post-thumbnail","hentry","product_cat-cartes-personnalisees-illustrations-en-aquarelle-faire-parts-mariage-faire-parts-naissance-cartes-cadeaux-carte-de-voeux-carte-anniversaire-marque-page-carte-des-souvenirs","product_cat-faire-part","desktop-align-left","tablet-align-left","mobile-align-left"],"aioseo_notices":[],"_links":{"self":[{"href":"https:\/\/andreavasassart.com\/en\/wp-json\/wp\/v2\/product\/2563","targetHints":{"allow":["GET"]}}],"collection":[{"href":"https:\/\/andreavasassart.com\/en\/wp-json\/wp\/v2\/product"}],"about":[{"href":"https:\/\/andreavasassart.com\/en\/wp-json\/wp\/v2\/types\/product"}],"replies":[{"embeddable":true,"href":"https:\/\/andreavasassart.com\/en\/wp-json\/wp\/v2\/comments?post=2563"}],"wp:featuredmedia":[{"embeddable":true,"href":"https:\/\/andreavasassart.com\/en\/wp-json\/wp\/v2\/media\/2560"}],"wp:attachment":[{"href":"https:\/\/andreavasassart.com\/en\/wp-json\/wp\/v2\/media?parent=2563"}],"wp:term":[{"taxonomy":"product_cat","embeddable":true,"href":"https:\/\/andreavasassart.com\/en\/wp-json\/wp\/v2\/product_cat?post=2563"},{"taxonomy":"product_tag","embeddable":true,"href":"https:\/\/andreavasassart.com\/en\/wp-json\/wp\/v2\/product_tag?post=2563"}],"curies":[{"name":"wp","href":"https:\/\/api.w.org\/{rel}","templated":true}]}}