{"id":2484,"date":"2022-11-09T18:44:49","date_gmt":"2022-11-09T17:44:49","guid":{"rendered":"https:\/\/andreavasassart.com\/?post_type=product&#038;p=2484"},"modified":"2022-11-09T18:59:24","modified_gmt":"2022-11-09T17:59:24","slug":"balade-en-plein-lune","status":"publish","type":"product","link":"https:\/\/andreavasassart.com\/en\/product\/balade-en-plein-lune\/","title":{"rendered":"Balade en plein Lune"},"content":{"rendered":"<p class=\"p1\">Peinture acrylique &#8211; Sculpture sur planche en bois<\/p>\n<p class=\"p1\">Dimension de tableau : 35cm x 50cm,<\/p>\n<p class=\"p1\">Peinture acrylique &#8211; Sculpture, mixed techniques,\u00a0 authentique sur planche en bois, sign\u00e9 en bas \u00e0 droite,<\/p>\n<p class=\"p1\">Veuillez notez que les couleurs varient l\u00e9g\u00e8rement d&rsquo;un \u00e9cran \u00e0 l&rsquo;autre.<\/p>","protected":false},"excerpt":{"rendered":"<p class=\"p1\">Peinture acrylique &#8211; Sculpture sur planche en bois<\/p>\n<p class=\"p1\">Dimension de tableau : 35cm x 50cm,<\/p>\n<p class=\"p1\">Peinture acrylique &#8211; Sculpture, mixed techniques,\u00a0 authentique sur planche en bois, sign\u00e9 en bas \u00e0 droite,<\/p>\n<p class=\"p1\">Veuillez notez que les couleurs varient l\u00e9g\u00e8rement d&rsquo;un \u00e9cran \u00e0 l&rsquo;autre.<\/p>","protected":false},"featured_media":2487,"comment_status":"open","ping_status":"closed","template":"","meta":{"site-sidebar-layout":"default","site-content-layout":"default","ast-global-header-display":"","ast-banner-title-visibility":"","ast-main-header-display":"","ast-hfb-above-header-display":"","ast-hfb-below-header-display":"","ast-hfb-mobile-header-display":"","site-post-title":"","ast-breadcrumbs-content":"","ast-featured-img":"","footer-sml-layout":"","theme-transparent-header-meta":"default","adv-header-id-meta":"","stick-header-meta":"","header-above-stick-meta":"","header-main-stick-meta":"","header-below-stick-meta":""},"product_cat":[37,36],"product_tag":[],"class_list":["post-2484","product","type-product","status-publish","has-post-thumbnail","hentry","product_cat-peinture-toile-acrylique-mixed-techniques","product_cat-peinture","desktop-align-left","tablet-align-left","mobile-align-left"],"aioseo_notices":[],"_links":{"self":[{"href":"https:\/\/andreavasassart.com\/en\/wp-json\/wp\/v2\/product\/2484","targetHints":{"allow":["GET"]}}],"collection":[{"href":"https:\/\/andreavasassart.com\/en\/wp-json\/wp\/v2\/product"}],"about":[{"href":"https:\/\/andreavasassart.com\/en\/wp-json\/wp\/v2\/types\/product"}],"replies":[{"embeddable":true,"href":"https:\/\/andreavasassart.com\/en\/wp-json\/wp\/v2\/comments?post=2484"}],"wp:featuredmedia":[{"embeddable":true,"href":"https:\/\/andreavasassart.com\/en\/wp-json\/wp\/v2\/media\/2487"}],"wp:attachment":[{"href":"https:\/\/andreavasassart.com\/en\/wp-json\/wp\/v2\/media?parent=2484"}],"wp:term":[{"taxonomy":"product_cat","embeddable":true,"href":"https:\/\/andreavasassart.com\/en\/wp-json\/wp\/v2\/product_cat?post=2484"},{"taxonomy":"product_tag","embeddable":true,"href":"https:\/\/andreavasassart.com\/en\/wp-json\/wp\/v2\/product_tag?post=2484"}],"curies":[{"name":"wp","href":"https:\/\/api.w.org\/{rel}","templated":true}]}}