{"id":2249,"date":"2022-06-23T15:09:26","date_gmt":"2022-06-23T13:09:26","guid":{"rendered":"https:\/\/andreavasassart.com\/?post_type=product&#038;p=2249"},"modified":"2023-05-07T18:24:24","modified_gmt":"2023-05-07T16:24:24","slug":"papillons","status":"publish","type":"product","link":"https:\/\/andreavasassart.com\/en\/product\/papillons\/","title":{"rendered":"Papillons"},"content":{"rendered":"<p class=\"p1\">Peinture acrylique 55cm x 46cm, mixed techniques,<\/p>\n<p class=\"p1\">Peinture unique et original, sign\u00e9 \u00e0 droite, et authentique,<\/p>\n<p class=\"p1\">Veuillez notez que les couleurs varient l\u00e9g\u00e8rement d&rsquo;un \u00e9cran \u00e0 l&rsquo;autre.<\/p>","protected":false},"excerpt":{"rendered":"<p class=\"p1\">Peinture acrylique 55cm x 46cm, mixed techniques,<\/p>\n<p class=\"p1\">Peinture unique et original, sign\u00e9 \u00e0 droite, et authentique,<\/p>","protected":false},"featured_media":2232,"comment_status":"open","ping_status":"closed","template":"","meta":{"site-sidebar-layout":"default","site-content-layout":"default","ast-global-header-display":"","ast-banner-title-visibility":"","ast-main-header-display":"","ast-hfb-above-header-display":"","ast-hfb-below-header-display":"","ast-hfb-mobile-header-display":"","site-post-title":"","ast-breadcrumbs-content":"","ast-featured-img":"","footer-sml-layout":"","theme-transparent-header-meta":"default","adv-header-id-meta":"","stick-header-meta":"","header-above-stick-meta":"","header-main-stick-meta":"","header-below-stick-meta":""},"product_cat":[37,36],"product_tag":[],"class_list":["post-2249","product","type-product","status-publish","has-post-thumbnail","hentry","product_cat-peinture-toile-acrylique-mixed-techniques","product_cat-peinture","desktop-align-left","tablet-align-left","mobile-align-left"],"aioseo_notices":[],"_links":{"self":[{"href":"https:\/\/andreavasassart.com\/en\/wp-json\/wp\/v2\/product\/2249","targetHints":{"allow":["GET"]}}],"collection":[{"href":"https:\/\/andreavasassart.com\/en\/wp-json\/wp\/v2\/product"}],"about":[{"href":"https:\/\/andreavasassart.com\/en\/wp-json\/wp\/v2\/types\/product"}],"replies":[{"embeddable":true,"href":"https:\/\/andreavasassart.com\/en\/wp-json\/wp\/v2\/comments?post=2249"}],"wp:featuredmedia":[{"embeddable":true,"href":"https:\/\/andreavasassart.com\/en\/wp-json\/wp\/v2\/media\/2232"}],"wp:attachment":[{"href":"https:\/\/andreavasassart.com\/en\/wp-json\/wp\/v2\/media?parent=2249"}],"wp:term":[{"taxonomy":"product_cat","embeddable":true,"href":"https:\/\/andreavasassart.com\/en\/wp-json\/wp\/v2\/product_cat?post=2249"},{"taxonomy":"product_tag","embeddable":true,"href":"https:\/\/andreavasassart.com\/en\/wp-json\/wp\/v2\/product_tag?post=2249"}],"curies":[{"name":"wp","href":"https:\/\/api.w.org\/{rel}","templated":true}]}}