{"id":2247,"date":"2022-06-23T14:48:56","date_gmt":"2022-06-23T12:48:56","guid":{"rendered":"https:\/\/andreavasassart.com\/?post_type=product&#038;p=2247"},"modified":"2023-05-07T18:24:48","modified_gmt":"2023-05-07T16:24:48","slug":"une-reve","status":"publish","type":"product","link":"https:\/\/andreavasassart.com\/en\/product\/une-reve\/","title":{"rendered":"Un R\u00e8ve qui se r\u00e9alise&#8230;"},"content":{"rendered":"<p class=\"p1\">Peinture acrylique 46cm x 38cm, mixed techniques,<\/p>\n<p class=\"p1\">Peinture unique et original, sign\u00e9 \u00e0 droite, et authentique,<\/p>\n<p class=\"p1\">Veuillez notez que les couleurs varient l\u00e9g\u00e8rement d&rsquo;un \u00e9cran \u00e0 l&rsquo;autre.<\/p>","protected":false},"excerpt":{"rendered":"<p class=\"p1\">Peinture acrylique 46cm x 38cm, mixed techniques,<\/p>\n<p class=\"p1\">Peinture unique et original, sign\u00e9 \u00e0 droite, et authentique,<\/p>","protected":false},"featured_media":2217,"comment_status":"open","ping_status":"closed","template":"","meta":{"site-sidebar-layout":"default","site-content-layout":"default","ast-global-header-display":"","ast-banner-title-visibility":"","ast-main-header-display":"","ast-hfb-above-header-display":"","ast-hfb-below-header-display":"","ast-hfb-mobile-header-display":"","site-post-title":"","ast-breadcrumbs-content":"","ast-featured-img":"","footer-sml-layout":"","theme-transparent-header-meta":"default","adv-header-id-meta":"","stick-header-meta":"","header-above-stick-meta":"","header-main-stick-meta":"","header-below-stick-meta":""},"product_cat":[37,36],"product_tag":[],"class_list":["post-2247","product","type-product","status-publish","has-post-thumbnail","hentry","product_cat-peinture-toile-acrylique-mixed-techniques","product_cat-peinture","desktop-align-left","tablet-align-left","mobile-align-left"],"aioseo_notices":[],"_links":{"self":[{"href":"https:\/\/andreavasassart.com\/en\/wp-json\/wp\/v2\/product\/2247","targetHints":{"allow":["GET"]}}],"collection":[{"href":"https:\/\/andreavasassart.com\/en\/wp-json\/wp\/v2\/product"}],"about":[{"href":"https:\/\/andreavasassart.com\/en\/wp-json\/wp\/v2\/types\/product"}],"replies":[{"embeddable":true,"href":"https:\/\/andreavasassart.com\/en\/wp-json\/wp\/v2\/comments?post=2247"}],"wp:featuredmedia":[{"embeddable":true,"href":"https:\/\/andreavasassart.com\/en\/wp-json\/wp\/v2\/media\/2217"}],"wp:attachment":[{"href":"https:\/\/andreavasassart.com\/en\/wp-json\/wp\/v2\/media?parent=2247"}],"wp:term":[{"taxonomy":"product_cat","embeddable":true,"href":"https:\/\/andreavasassart.com\/en\/wp-json\/wp\/v2\/product_cat?post=2247"},{"taxonomy":"product_tag","embeddable":true,"href":"https:\/\/andreavasassart.com\/en\/wp-json\/wp\/v2\/product_tag?post=2247"}],"curies":[{"name":"wp","href":"https:\/\/api.w.org\/{rel}","templated":true}]}}