{"id":569,"date":"2021-12-02T16:52:29","date_gmt":"2021-12-02T15:52:29","guid":{"rendered":"https:\/\/andreavasassart.com\/?page_id=569"},"modified":"2022-05-24T09:27:56","modified_gmt":"2022-05-24T07:27:56","slug":"mentions-legales","status":"publish","type":"page","link":"https:\/\/andreavasassart.com\/en\/mentions-legales\/","title":{"rendered":"Mentions l\u00e9gales"},"content":{"rendered":"<h2 class=\"wp-block-heading\">Mentions l\u00e9gales<\/h2>\n\n\n\n<pre class=\"wp-block-preformatted\">Ce site est la propri\u00e9t\u00e9 exclusive de Andrea Vasass.\nEntreprise individuelle\n\n15A rue de Belfort\n90800 Bavilliers\n\nT\u00e9l : 06 31 55 51 60<\/pre>\n\n\n\n<pre class=\"wp-block-preformatted\">SIRET 912 498 490 00016\nSIREN 912 498 490\nAPE 7022Z\n\n<strong>Directeur de la publication<\/strong> : ANDREA VASASS<\/pre>\n\n\n\n<pre class=\"wp-block-preformatted\"><strong>H\u00e9bergement<\/strong> : OVH<br>2 rue Kellermann 59100 ROUBAIX FRANCE<\/pre>\n\n\n\n<pre class=\"wp-block-preformatted\"><strong>Conception<\/strong> : ANDREA VASASS\nwww.andreavasassart.com<\/pre>","protected":false},"excerpt":{"rendered":"<p>Mentions l\u00e9gales Ce site est la propri\u00e9t\u00e9 exclusive de Andrea Vasass. Entreprise individuelle 15A rue de Belfort 90800 Bavilliers T\u00e9l : 06 31 55 51 60 SIRET 912 498 490 00016 SIREN 912 498 490 APE 7022Z Directeur de la publication : ANDREA VASASS H\u00e9bergement : OVH2 rue Kellermann 59100 ROUBAIX FRANCE Conception : ANDREA &hellip;<\/p>\n<p class=\"read-more\"> <a class=\"\" href=\"https:\/\/andreavasassart.com\/en\/mentions-legales\/\"> <span class=\"screen-reader-text\">Mentions l\u00e9gales<\/span> Read More &raquo;<\/a><\/p>","protected":false},"author":1,"featured_media":0,"parent":0,"menu_order":0,"comment_status":"closed","ping_status":"closed","template":"","meta":{"site-sidebar-layout":"default","site-content-layout":"default","ast-global-header-display":"","ast-banner-title-visibility":"","ast-main-header-display":"","ast-hfb-above-header-display":"","ast-hfb-below-header-display":"","ast-hfb-mobile-header-display":"","site-post-title":"","ast-breadcrumbs-content":"","ast-featured-img":"","footer-sml-layout":"","theme-transparent-header-meta":"","adv-header-id-meta":"","stick-header-meta":"","header-above-stick-meta":"","header-main-stick-meta":"","header-below-stick-meta":"","footnotes":""},"class_list":["post-569","page","type-page","status-publish","hentry"],"aioseo_notices":[],"_links":{"self":[{"href":"https:\/\/andreavasassart.com\/en\/wp-json\/wp\/v2\/pages\/569","targetHints":{"allow":["GET"]}}],"collection":[{"href":"https:\/\/andreavasassart.com\/en\/wp-json\/wp\/v2\/pages"}],"about":[{"href":"https:\/\/andreavasassart.com\/en\/wp-json\/wp\/v2\/types\/page"}],"author":[{"embeddable":true,"href":"https:\/\/andreavasassart.com\/en\/wp-json\/wp\/v2\/users\/1"}],"replies":[{"embeddable":true,"href":"https:\/\/andreavasassart.com\/en\/wp-json\/wp\/v2\/comments?post=569"}],"version-history":[{"count":2,"href":"https:\/\/andreavasassart.com\/en\/wp-json\/wp\/v2\/pages\/569\/revisions"}],"predecessor-version":[{"id":1883,"href":"https:\/\/andreavasassart.com\/en\/wp-json\/wp\/v2\/pages\/569\/revisions\/1883"}],"wp:attachment":[{"href":"https:\/\/andreavasassart.com\/en\/wp-json\/wp\/v2\/media?parent=569"}],"curies":[{"name":"wp","href":"https:\/\/api.w.org\/{rel}","templated":true}]}}